{"id":11,"date":"2022-01-20T13:24:21","date_gmt":"2022-01-20T13:24:21","guid":{"rendered":"https:\/\/behovsanalysen.dk\/?page_id=11"},"modified":"2026-01-01T16:12:32","modified_gmt":"2026-01-01T16:12:32","slug":"lund-bugge-fonden","status":"publish","type":"page","link":"https:\/\/behovsanalysen.dk\/index.php\/lund-bugge-fonden\/","title":{"rendered":"Lund\/Bugge Fonden"},"content":{"rendered":"\n<p><strong>DIR. J.P.LUND OG HUSTRU VILHELMINE BUGGE\u2019S LEGAT <\/strong><strong>(Fondsreg.nr.1055)<\/strong><\/p>\n\n\n\n<p><\/p>\n\n\n\n<figure class=\"wp-block-image size-full\"><img loading=\"lazy\" decoding=\"async\" width=\"1024\" height=\"645\" src=\"https:\/\/behovsanalysen.dk\/wp-content\/uploads\/2022\/01\/LundBugge-Visitkort-forside1-2.jpg\" alt=\"\" class=\"wp-image-30\" srcset=\"https:\/\/behovsanalysen.dk\/wp-content\/uploads\/2022\/01\/LundBugge-Visitkort-forside1-2.jpg 1024w, https:\/\/behovsanalysen.dk\/wp-content\/uploads\/2022\/01\/LundBugge-Visitkort-forside1-2-300x189.jpg 300w, https:\/\/behovsanalysen.dk\/wp-content\/uploads\/2022\/01\/LundBugge-Visitkort-forside1-2-768x484.jpg 768w\" sizes=\"auto, (max-width: 1024px) 100vw, 1024px\" \/><\/figure>\n\n\n\n<p>For indkomst\u00e5ret 2025 er nogle legatportioner ledige indenfor nedenn\u00e6vnte afdelinger,<\/p>\n\n\n\n<ol style=\"list-style-type:1\" class=\"wp-block-list\">\n<li>St\u00f8tte til unge T\u00f8jdesign studerende ( Gives udelukkende til afgangselever)<\/li>\n\n\n\n<li>Underst\u00f8ttelse til enlige tr\u00e6ngende i\/fra manufakturbranchen, herunder enker efter afdelingschefer.&nbsp; Kvindelige ans\u00f8gere skal v\u00e6re over 50 \u00e5r og mandlige over 60 \u00e5r.<\/li>\n\n\n\n<li>Underst\u00f8ttelse til bildende kunstnere under 35 \u00e5r og over 60 \u00e5r.<\/li>\n\n\n\n<li>Underst\u00f8ttelse til sk\u00f8nlitter\u00e6re forfattere og dramatikere under 35 \u00e5r.<\/li>\n\n\n\n<li>Andre almenvelg\u00f8rende form\u00e5l.<\/li>\n<\/ol>\n\n\n\n<p>Enkeltpersoner eller Familier kommer ikke i betragtning under pkt.5.<\/p>\n\n\n\n<p>Ans\u00f8gningen skal ud over Navn og Adresse indeholde oplysninger om,<\/p>\n\n\n\n<ul class=\"wp-block-list\">\n<li>Cpr.nr \/ Cvr-nr.<\/li>\n\n\n\n<li>Konto nr. til Pengeinstitut<\/li>\n\n\n\n<li>Kontaktperson(er).<\/li>\n\n\n\n<li>E-mail adresse.<\/li>\n<\/ul>\n\n\n\n<p>Ans\u00f8gninger indeholdende alle forespurgte oplysninger vil have fortrin over for mangelfulde ans\u00f8gninger.<\/p>\n\n\n\n<p>Ans\u00f8gningsskema foreligger ikke.\u00a0 Ans\u00f8gningsfristen for den \u00e5rlige uddeling er den 31. Marts 2026 og uddelingen finder sted Primo Juni.<\/p>\n\n\n\n<p>Forbig\u00e5ede ans\u00f8gere underrettes ikke. &nbsp;Hvis man \u00f8nsker inkluderede bilag returneret, skal en korrekt frankeret svarkuvert vedl\u00e6gges ans\u00f8gningen.<\/p>\n\n\n\n<p>Telefoniske foresp\u00f8rgsler frabedes venligst.<\/p>\n\n\n\n<p><strong>Administrator:<\/strong><\/p>\n\n\n\n<p>Ingeni\u00f8r S\u00f8ren Bugge<\/p>\n\n\n\n<p>V\u00e6rebrovej 58, 6.1<\/p>\n\n\n\n<p>2880 Bagsv\u00e6rd<\/p>\n\n\n\n<p><strong>E-mail:&nbsp; <\/strong><a href=\"mailto:soren@bugge1.dk\">soren@bugge1.dk<\/a><\/p>\n\n\n\n<p>2880 Bagsv\u00e6rd<\/p>\n\n\n\n<p><\/p>\n","protected":false},"excerpt":{"rendered":"<p>DIR. J.P.LUND OG HUSTRU VILHELMINE BUGGE\u2019S LEGAT (Fondsreg.nr.1055) For indkomst\u00e5ret 2025 er nogle legatportioner ledige indenfor nedenn\u00e6vnte afdelinger, Enkeltpersoner eller Familier kommer ikke i betragtning under pkt.5. Ans\u00f8gningen skal ud over Navn og Adresse indeholde oplysninger om, Ans\u00f8gninger indeholdende alle forespurgte oplysninger vil have fortrin over for mangelfulde ans\u00f8gninger. Ans\u00f8gningsskema foreligger ikke.\u00a0 Ans\u00f8gningsfristen for den&hellip; <a class=\"more-link\" href=\"https:\/\/behovsanalysen.dk\/index.php\/lund-bugge-fonden\/\">L\u00e6s mere <span class=\"screen-reader-text\">Lund\/Bugge Fonden<\/span><\/a><\/p>\n","protected":false},"author":1,"featured_media":0,"parent":0,"menu_order":0,"comment_status":"closed","ping_status":"closed","template":"","meta":{"footnotes":""},"class_list":["post-11","page","type-page","status-publish","hentry","entry"],"_links":{"self":[{"href":"https:\/\/behovsanalysen.dk\/index.php\/wp-json\/wp\/v2\/pages\/11","targetHints":{"allow":["GET"]}}],"collection":[{"href":"https:\/\/behovsanalysen.dk\/index.php\/wp-json\/wp\/v2\/pages"}],"about":[{"href":"https:\/\/behovsanalysen.dk\/index.php\/wp-json\/wp\/v2\/types\/page"}],"author":[{"embeddable":true,"href":"https:\/\/behovsanalysen.dk\/index.php\/wp-json\/wp\/v2\/users\/1"}],"replies":[{"embeddable":true,"href":"https:\/\/behovsanalysen.dk\/index.php\/wp-json\/wp\/v2\/comments?post=11"}],"version-history":[{"count":9,"href":"https:\/\/behovsanalysen.dk\/index.php\/wp-json\/wp\/v2\/pages\/11\/revisions"}],"predecessor-version":[{"id":60,"href":"https:\/\/behovsanalysen.dk\/index.php\/wp-json\/wp\/v2\/pages\/11\/revisions\/60"}],"wp:attachment":[{"href":"https:\/\/behovsanalysen.dk\/index.php\/wp-json\/wp\/v2\/media?parent=11"}],"curies":[{"name":"wp","href":"https:\/\/api.w.org\/{rel}","templated":true}]}}